{"id":377,"date":"2021-07-07T04:51:07","date_gmt":"2021-07-07T04:51:07","guid":{"rendered":"https:\/\/www.autojerez.com\/?page_id=377"},"modified":"2021-07-07T05:00:35","modified_gmt":"2021-07-07T05:00:35","slug":"seguridad-proteccion-a-compradores","status":"publish","type":"page","link":"https:\/\/www.autojerez.com\/index.php\/seguridad-proteccion-a-compradores\/","title":{"rendered":"SEGURIDAD PROTECCI\u00d3N A COMPRADORES"},"content":{"rendered":"<p>[et_pb_section fb_built=\u00bb1&#8243; admin_label=\u00bbNew Products\u00bb _builder_version=\u00bb3.22&#8243; custom_padding=\u00bb0||0||false|false\u00bb][et_pb_row use_custom_gutter=\u00bbon\u00bb make_equal=\u00bbon\u00bb _builder_version=\u00bb3.25&#8243; custom_margin=\u00bb40px||\u00bb border_color_all=\u00bbrgba(0,0,0,0.08)\u00bb border_width_top=\u00bb6px\u00bb][et_pb_column type=\u00bb4_4&#8243; _builder_version=\u00bb3.25&#8243; custom_padding=\u00bb|||\u00bb custom_padding__hover=\u00bb|||\u00bb][et_pb_text _builder_version=\u00bb4.9.7&#8243; text_font=\u00bb||||||||\u00bb header_font=\u00bb||||||||\u00bb header_2_font=\u00bbRoboto|900|||||||\u00bb header_2_text_align=\u00bbcenter\u00bb header_2_font_size=\u00bb40px\u00bb header_2_line_height=\u00bb1.4em\u00bb background_color=\u00bb#ffffff\u00bb text_orientation=\u00bbcenter\u00bb max_width=\u00bb440px\u00bb module_alignment=\u00bbcenter\u00bb custom_margin=\u00bb-4.2em||\u00bb custom_padding=\u00bb|0px|0px|0px||true\u00bb header_2_font_size_tablet=\u00bb30px\u00bb header_2_font_size_phone=\u00bb24px\u00bb header_2_font_size_last_edited=\u00bbon|phone\u00bb header_3_font_size__hover=\u00bb22px\u00bb header_3_font_size__hover_enabled=\u00bb22px\u00bb header_3_letter_spacing__hover=\u00bb0px\u00bb header_3_letter_spacing__hover_enabled=\u00bb0px\u00bb header_3_line_height__hover=\u00bb1em\u00bb header_3_line_height__hover_enabled=\u00bb1em\u00bb header_3_text_shadow_style__hover=\u00bbnone\u00bb header_3_text_shadow_style__hover_enabled=\u00bbnone\u00bb header_3_text_shadow_color__hover=\u00bbrgba(0,0,0,0.4)\u00bb header_3_text_shadow_color__hover_enabled=\u00bbrgba(0,0,0,0.4)\u00bb]<\/p>\n<h2>SEGURIDAD PROTECCI\u00d3N A COMPRADORES<\/h2>\n<p>[\/et_pb_text][\/et_pb_column][\/et_pb_row][\/et_pb_section][et_pb_section fb_built=\u00bb1&#8243; _builder_version=\u00bb4.9.7&#8243; _module_preset=\u00bbdefault\u00bb][et_pb_row _builder_version=\u00bb4.9.7&#8243; _module_preset=\u00bbdefault\u00bb][et_pb_column type=\u00bb4_4&#8243; _builder_version=\u00bb4.9.7&#8243; _module_preset=\u00bbdefault\u00bb][et_pb_text _builder_version=\u00bb4.9.7&#8243; _module_preset=\u00bbdefault\u00bb]<\/p>\n<p>Los pagos de las compras en www.autojerez.com se hacen a trav\u00e9s del Canal oficial de pago con todos los sistemas de encriptaci\u00f3n y seguridad de transferencia de datos a trav\u00e9s del protocolo SSL, por lo que el comprador gozar\u00e1 en todo momento con la protecci\u00f3n de estos canales.<\/p>\n<p>Son compras realizadas en Espa\u00f1a.<\/p>\n<p>Adem\u00e1s, nuestra p\u00e1gina web dispone de un certificado de seguridad SSL.<\/p>\n<p>[\/et_pb_text][\/et_pb_column][\/et_pb_row][\/et_pb_section]<\/p>\n","protected":false},"excerpt":{"rendered":"<p>SEGURIDAD PROTECCI\u00d3N A COMPRADORESLos pagos de las compras en www.autojerez.com se hacen a trav\u00e9s del Canal oficial de pago con todos los sistemas de encriptaci\u00f3n y seguridad de transferencia de datos a trav\u00e9s del protocolo SSL, por lo que el comprador gozar\u00e1 en todo momento con la protecci\u00f3n de estos canales. Son compras realizadas en [&hellip;]<\/p>\n","protected":false},"author":1,"featured_media":0,"parent":0,"menu_order":0,"comment_status":"closed","ping_status":"closed","template":"","meta":{"_et_pb_use_builder":"on","_et_pb_old_content":"","_et_gb_content_width":"","footnotes":""},"class_list":["post-377","page","type-page","status-publish","hentry"],"yoast_head":"<!-- This site is optimized with the Yoast SEO plugin v26.8 - https:\/\/yoast.com\/product\/yoast-seo-wordpress\/ -->\n<title>SEGURIDAD PROTECCI\u00d3N A COMPRADORES - Autoescuela Jerez<\/title>\n<meta name=\"robots\" content=\"index, follow, max-snippet:-1, max-image-preview:large, max-video-preview:-1\" \/>\n<link rel=\"canonical\" href=\"https:\/\/www.autojerez.com\/index.php\/seguridad-proteccion-a-compradores\/\" \/>\n<meta property=\"og:locale\" content=\"es_ES\" \/>\n<meta property=\"og:type\" content=\"article\" \/>\n<meta property=\"og:title\" content=\"SEGURIDAD PROTECCI\u00d3N A COMPRADORES - Autoescuela Jerez\" \/>\n<meta property=\"og:description\" content=\"SEGURIDAD PROTECCI\u00d3N A COMPRADORESLos pagos de las compras en www.autojerez.com se hacen a trav\u00e9s del Canal oficial de pago con todos los sistemas de encriptaci\u00f3n y seguridad de transferencia de datos a trav\u00e9s del protocolo SSL, por lo que el comprador gozar\u00e1 en todo momento con la protecci\u00f3n de estos canales. Son compras realizadas en [&hellip;]\" \/>\n<meta property=\"og:url\" content=\"https:\/\/www.autojerez.com\/index.php\/seguridad-proteccion-a-compradores\/\" \/>\n<meta property=\"og:site_name\" content=\"Autoescuela Jerez\" \/>\n<meta property=\"article:modified_time\" content=\"2021-07-07T05:00:35+00:00\" \/>\n<meta name=\"twitter:card\" content=\"summary_large_image\" \/>\n<script type=\"application\/ld+json\" class=\"yoast-schema-graph\">{\"@context\":\"https:\/\/schema.org\",\"@graph\":[{\"@type\":\"WebPage\",\"@id\":\"https:\/\/www.autojerez.com\/index.php\/seguridad-proteccion-a-compradores\/\",\"url\":\"https:\/\/www.autojerez.com\/index.php\/seguridad-proteccion-a-compradores\/\",\"name\":\"SEGURIDAD PROTECCI\u00d3N A COMPRADORES - Autoescuela Jerez\",\"isPartOf\":{\"@id\":\"https:\/\/www.autojerez.com\/#website\"},\"datePublished\":\"2021-07-07T04:51:07+00:00\",\"dateModified\":\"2021-07-07T05:00:35+00:00\",\"breadcrumb\":{\"@id\":\"https:\/\/www.autojerez.com\/index.php\/seguridad-proteccion-a-compradores\/#breadcrumb\"},\"inLanguage\":\"es\",\"potentialAction\":[{\"@type\":\"ReadAction\",\"target\":[\"https:\/\/www.autojerez.com\/index.php\/seguridad-proteccion-a-compradores\/\"]}]},{\"@type\":\"BreadcrumbList\",\"@id\":\"https:\/\/www.autojerez.com\/index.php\/seguridad-proteccion-a-compradores\/#breadcrumb\",\"itemListElement\":[{\"@type\":\"ListItem\",\"position\":1,\"name\":\"Portada\",\"item\":\"https:\/\/www.autojerez.com\/\"},{\"@type\":\"ListItem\",\"position\":2,\"name\":\"SEGURIDAD PROTECCI\u00d3N A COMPRADORES\"}]},{\"@type\":\"WebSite\",\"@id\":\"https:\/\/www.autojerez.com\/#website\",\"url\":\"https:\/\/www.autojerez.com\/\",\"name\":\"Autoescuela Jerez\",\"description\":\"La mejor autoescuela de Extremadura\",\"publisher\":{\"@id\":\"https:\/\/www.autojerez.com\/#organization\"},\"potentialAction\":[{\"@type\":\"SearchAction\",\"target\":{\"@type\":\"EntryPoint\",\"urlTemplate\":\"https:\/\/www.autojerez.com\/?s={search_term_string}\"},\"query-input\":{\"@type\":\"PropertyValueSpecification\",\"valueRequired\":true,\"valueName\":\"search_term_string\"}}],\"inLanguage\":\"es\"},{\"@type\":\"Organization\",\"@id\":\"https:\/\/www.autojerez.com\/#organization\",\"name\":\"Autoescuela Jerez\",\"url\":\"https:\/\/www.autojerez.com\/\",\"logo\":{\"@type\":\"ImageObject\",\"inLanguage\":\"es\",\"@id\":\"https:\/\/www.autojerez.com\/#\/schema\/logo\/image\/\",\"url\":\"https:\/\/www.autojerez.com\/wp-content\/uploads\/2021\/03\/LOGO-TRANSPARENTE-NEGRO-1.gif\",\"contentUrl\":\"https:\/\/www.autojerez.com\/wp-content\/uploads\/2021\/03\/LOGO-TRANSPARENTE-NEGRO-1.gif\",\"width\":2304,\"height\":1476,\"caption\":\"Autoescuela Jerez\"},\"image\":{\"@id\":\"https:\/\/www.autojerez.com\/#\/schema\/logo\/image\/\"}}]}<\/script>\n<!-- \/ Yoast SEO plugin. -->","yoast_head_json":{"title":"SEGURIDAD PROTECCI\u00d3N A COMPRADORES - Autoescuela Jerez","robots":{"index":"index","follow":"follow","max-snippet":"max-snippet:-1","max-image-preview":"max-image-preview:large","max-video-preview":"max-video-preview:-1"},"canonical":"https:\/\/www.autojerez.com\/index.php\/seguridad-proteccion-a-compradores\/","og_locale":"es_ES","og_type":"article","og_title":"SEGURIDAD PROTECCI\u00d3N A COMPRADORES - Autoescuela Jerez","og_description":"SEGURIDAD PROTECCI\u00d3N A COMPRADORESLos pagos de las compras en www.autojerez.com se hacen a trav\u00e9s del Canal oficial de pago con todos los sistemas de encriptaci\u00f3n y seguridad de transferencia de datos a trav\u00e9s del protocolo SSL, por lo que el comprador gozar\u00e1 en todo momento con la protecci\u00f3n de estos canales. Son compras realizadas en [&hellip;]","og_url":"https:\/\/www.autojerez.com\/index.php\/seguridad-proteccion-a-compradores\/","og_site_name":"Autoescuela Jerez","article_modified_time":"2021-07-07T05:00:35+00:00","twitter_card":"summary_large_image","schema":{"@context":"https:\/\/schema.org","@graph":[{"@type":"WebPage","@id":"https:\/\/www.autojerez.com\/index.php\/seguridad-proteccion-a-compradores\/","url":"https:\/\/www.autojerez.com\/index.php\/seguridad-proteccion-a-compradores\/","name":"SEGURIDAD PROTECCI\u00d3N A COMPRADORES - Autoescuela Jerez","isPartOf":{"@id":"https:\/\/www.autojerez.com\/#website"},"datePublished":"2021-07-07T04:51:07+00:00","dateModified":"2021-07-07T05:00:35+00:00","breadcrumb":{"@id":"https:\/\/www.autojerez.com\/index.php\/seguridad-proteccion-a-compradores\/#breadcrumb"},"inLanguage":"es","potentialAction":[{"@type":"ReadAction","target":["https:\/\/www.autojerez.com\/index.php\/seguridad-proteccion-a-compradores\/"]}]},{"@type":"BreadcrumbList","@id":"https:\/\/www.autojerez.com\/index.php\/seguridad-proteccion-a-compradores\/#breadcrumb","itemListElement":[{"@type":"ListItem","position":1,"name":"Portada","item":"https:\/\/www.autojerez.com\/"},{"@type":"ListItem","position":2,"name":"SEGURIDAD PROTECCI\u00d3N A COMPRADORES"}]},{"@type":"WebSite","@id":"https:\/\/www.autojerez.com\/#website","url":"https:\/\/www.autojerez.com\/","name":"Autoescuela Jerez","description":"La mejor autoescuela de Extremadura","publisher":{"@id":"https:\/\/www.autojerez.com\/#organization"},"potentialAction":[{"@type":"SearchAction","target":{"@type":"EntryPoint","urlTemplate":"https:\/\/www.autojerez.com\/?s={search_term_string}"},"query-input":{"@type":"PropertyValueSpecification","valueRequired":true,"valueName":"search_term_string"}}],"inLanguage":"es"},{"@type":"Organization","@id":"https:\/\/www.autojerez.com\/#organization","name":"Autoescuela Jerez","url":"https:\/\/www.autojerez.com\/","logo":{"@type":"ImageObject","inLanguage":"es","@id":"https:\/\/www.autojerez.com\/#\/schema\/logo\/image\/","url":"https:\/\/www.autojerez.com\/wp-content\/uploads\/2021\/03\/LOGO-TRANSPARENTE-NEGRO-1.gif","contentUrl":"https:\/\/www.autojerez.com\/wp-content\/uploads\/2021\/03\/LOGO-TRANSPARENTE-NEGRO-1.gif","width":2304,"height":1476,"caption":"Autoescuela Jerez"},"image":{"@id":"https:\/\/www.autojerez.com\/#\/schema\/logo\/image\/"}}]}},"_links":{"self":[{"href":"https:\/\/www.autojerez.com\/index.php\/wp-json\/wp\/v2\/pages\/377","targetHints":{"allow":["GET"]}}],"collection":[{"href":"https:\/\/www.autojerez.com\/index.php\/wp-json\/wp\/v2\/pages"}],"about":[{"href":"https:\/\/www.autojerez.com\/index.php\/wp-json\/wp\/v2\/types\/page"}],"author":[{"embeddable":true,"href":"https:\/\/www.autojerez.com\/index.php\/wp-json\/wp\/v2\/users\/1"}],"replies":[{"embeddable":true,"href":"https:\/\/www.autojerez.com\/index.php\/wp-json\/wp\/v2\/comments?post=377"}],"version-history":[{"count":3,"href":"https:\/\/www.autojerez.com\/index.php\/wp-json\/wp\/v2\/pages\/377\/revisions"}],"predecessor-version":[{"id":383,"href":"https:\/\/www.autojerez.com\/index.php\/wp-json\/wp\/v2\/pages\/377\/revisions\/383"}],"wp:attachment":[{"href":"https:\/\/www.autojerez.com\/index.php\/wp-json\/wp\/v2\/media?parent=377"}],"curies":[{"name":"wp","href":"https:\/\/api.w.org\/{rel}","templated":true}]}}