{"id":1072,"date":"2023-03-30T17:44:20","date_gmt":"2023-03-30T17:44:20","guid":{"rendered":"https:\/\/www.autojerez.com\/?post_type=product&#038;p=1072"},"modified":"2023-03-30T17:44:20","modified_gmt":"2023-03-30T17:44:20","slug":"practica-circulacion-a2","status":"publish","type":"product","link":"https:\/\/www.autojerez.com\/index.php\/producto\/practica-circulacion-a2\/","title":{"rendered":"Pr\u00e1ctica circulaci\u00f3n A2"},"content":{"rendered":"<p>Clase pr\u00e1ctica de 45 minutos de duraci\u00f3n, realizada en la localidad de Badajoz.<br \/>\nEs obligatorio que portar casco, guantes, botas que cubran el tobillo, chaqueta con protecciones y pantal\u00f3n. En caso de no disponer, nosotros podemos facilitar todo el equipamiento a excepci\u00f3n de las botas.<\/p>\n","protected":false},"excerpt":{"rendered":"<p>Clase pr\u00e1ctica de 45 minutos de duraci\u00f3n, realizada en la localidad de Badajoz. Es obligatorio que portar casco, guantes, botas que cubran el tobillo, chaqueta con protecciones y pantal\u00f3n. En caso de no disponer, nosotros podemos facilitar todo el equipamiento a excepci\u00f3n de las botas.<\/p>\n","protected":false},"featured_media":1075,"template":"","meta":{"_et_pb_use_builder":"","_et_pb_old_content":"","_et_gb_content_width":""},"product_brand":[],"product_cat":[114],"product_tag":[],"class_list":{"0":"post-1072","1":"product","2":"type-product","3":"status-publish","4":"has-post-thumbnail","6":"product_cat-practicas-badajoz","8":"first","9":"instock","10":"taxable","11":"shipping-taxable","12":"purchasable","13":"product-type-simple"},"yoast_head":"<!-- This site is optimized with the Yoast SEO plugin v26.8 - https:\/\/yoast.com\/product\/yoast-seo-wordpress\/ -->\n<title>Pr\u00e1ctica circulaci\u00f3n A2 - Autoescuela Jerez<\/title>\n<meta name=\"robots\" content=\"index, follow, max-snippet:-1, max-image-preview:large, max-video-preview:-1\" \/>\n<link rel=\"canonical\" href=\"https:\/\/www.autojerez.com\/index.php\/producto\/practica-circulacion-a2\/\" \/>\n<meta property=\"og:locale\" content=\"es_ES\" \/>\n<meta property=\"og:type\" content=\"article\" \/>\n<meta property=\"og:title\" content=\"Pr\u00e1ctica circulaci\u00f3n A2 - Autoescuela Jerez\" \/>\n<meta property=\"og:description\" content=\"Clase pr\u00e1ctica de 45 minutos de duraci\u00f3n, realizada en la localidad de Badajoz. Es obligatorio que portar casco, guantes, botas que cubran el tobillo, chaqueta con protecciones y pantal\u00f3n. En caso de no disponer, nosotros podemos facilitar todo el equipamiento a excepci\u00f3n de las botas.\" \/>\n<meta property=\"og:url\" content=\"https:\/\/www.autojerez.com\/index.php\/producto\/practica-circulacion-a2\/\" \/>\n<meta property=\"og:site_name\" content=\"Autoescuela Jerez\" \/>\n<meta property=\"og:image\" content=\"https:\/\/www.autojerez.com\/wp-content\/uploads\/2023\/03\/9.jpg\" \/>\n\t<meta property=\"og:image:width\" content=\"940\" \/>\n\t<meta property=\"og:image:height\" content=\"788\" \/>\n\t<meta property=\"og:image:type\" content=\"image\/jpeg\" \/>\n<meta name=\"twitter:card\" content=\"summary_large_image\" \/>\n<script type=\"application\/ld+json\" class=\"yoast-schema-graph\">{\"@context\":\"https:\/\/schema.org\",\"@graph\":[{\"@type\":\"WebPage\",\"@id\":\"https:\/\/www.autojerez.com\/index.php\/producto\/practica-circulacion-a2\/\",\"url\":\"https:\/\/www.autojerez.com\/index.php\/producto\/practica-circulacion-a2\/\",\"name\":\"Pr\u00e1ctica circulaci\u00f3n A2 - Autoescuela Jerez\",\"isPartOf\":{\"@id\":\"https:\/\/www.autojerez.com\/#website\"},\"primaryImageOfPage\":{\"@id\":\"https:\/\/www.autojerez.com\/index.php\/producto\/practica-circulacion-a2\/#primaryimage\"},\"image\":{\"@id\":\"https:\/\/www.autojerez.com\/index.php\/producto\/practica-circulacion-a2\/#primaryimage\"},\"thumbnailUrl\":\"https:\/\/www.autojerez.com\/wp-content\/uploads\/2023\/03\/9.jpg\",\"datePublished\":\"2023-03-30T17:44:20+00:00\",\"breadcrumb\":{\"@id\":\"https:\/\/www.autojerez.com\/index.php\/producto\/practica-circulacion-a2\/#breadcrumb\"},\"inLanguage\":\"es\",\"potentialAction\":[{\"@type\":\"ReadAction\",\"target\":[\"https:\/\/www.autojerez.com\/index.php\/producto\/practica-circulacion-a2\/\"]}]},{\"@type\":\"ImageObject\",\"inLanguage\":\"es\",\"@id\":\"https:\/\/www.autojerez.com\/index.php\/producto\/practica-circulacion-a2\/#primaryimage\",\"url\":\"https:\/\/www.autojerez.com\/wp-content\/uploads\/2023\/03\/9.jpg\",\"contentUrl\":\"https:\/\/www.autojerez.com\/wp-content\/uploads\/2023\/03\/9.jpg\",\"width\":940,\"height\":788},{\"@type\":\"BreadcrumbList\",\"@id\":\"https:\/\/www.autojerez.com\/index.php\/producto\/practica-circulacion-a2\/#breadcrumb\",\"itemListElement\":[{\"@type\":\"ListItem\",\"position\":1,\"name\":\"Portada\",\"item\":\"https:\/\/www.autojerez.com\/\"},{\"@type\":\"ListItem\",\"position\":2,\"name\":\"Tienda\",\"item\":\"https:\/\/www.autojerez.com\/index.php\/tienda\/\"},{\"@type\":\"ListItem\",\"position\":3,\"name\":\"Pr\u00e1ctica circulaci\u00f3n A2\"}]},{\"@type\":\"WebSite\",\"@id\":\"https:\/\/www.autojerez.com\/#website\",\"url\":\"https:\/\/www.autojerez.com\/\",\"name\":\"Autoescuela Jerez\",\"description\":\"La mejor autoescuela de Extremadura\",\"publisher\":{\"@id\":\"https:\/\/www.autojerez.com\/#organization\"},\"potentialAction\":[{\"@type\":\"SearchAction\",\"target\":{\"@type\":\"EntryPoint\",\"urlTemplate\":\"https:\/\/www.autojerez.com\/?s={search_term_string}\"},\"query-input\":{\"@type\":\"PropertyValueSpecification\",\"valueRequired\":true,\"valueName\":\"search_term_string\"}}],\"inLanguage\":\"es\"},{\"@type\":\"Organization\",\"@id\":\"https:\/\/www.autojerez.com\/#organization\",\"name\":\"Autoescuela Jerez\",\"url\":\"https:\/\/www.autojerez.com\/\",\"logo\":{\"@type\":\"ImageObject\",\"inLanguage\":\"es\",\"@id\":\"https:\/\/www.autojerez.com\/#\/schema\/logo\/image\/\",\"url\":\"https:\/\/www.autojerez.com\/wp-content\/uploads\/2021\/03\/LOGO-TRANSPARENTE-NEGRO-1.gif\",\"contentUrl\":\"https:\/\/www.autojerez.com\/wp-content\/uploads\/2021\/03\/LOGO-TRANSPARENTE-NEGRO-1.gif\",\"width\":2304,\"height\":1476,\"caption\":\"Autoescuela Jerez\"},\"image\":{\"@id\":\"https:\/\/www.autojerez.com\/#\/schema\/logo\/image\/\"}}]}<\/script>\n<!-- \/ Yoast SEO plugin. -->","yoast_head_json":{"title":"Pr\u00e1ctica circulaci\u00f3n A2 - Autoescuela Jerez","robots":{"index":"index","follow":"follow","max-snippet":"max-snippet:-1","max-image-preview":"max-image-preview:large","max-video-preview":"max-video-preview:-1"},"canonical":"https:\/\/www.autojerez.com\/index.php\/producto\/practica-circulacion-a2\/","og_locale":"es_ES","og_type":"article","og_title":"Pr\u00e1ctica circulaci\u00f3n A2 - Autoescuela Jerez","og_description":"Clase pr\u00e1ctica de 45 minutos de duraci\u00f3n, realizada en la localidad de Badajoz. Es obligatorio que portar casco, guantes, botas que cubran el tobillo, chaqueta con protecciones y pantal\u00f3n. En caso de no disponer, nosotros podemos facilitar todo el equipamiento a excepci\u00f3n de las botas.","og_url":"https:\/\/www.autojerez.com\/index.php\/producto\/practica-circulacion-a2\/","og_site_name":"Autoescuela Jerez","og_image":[{"width":940,"height":788,"url":"https:\/\/www.autojerez.com\/wp-content\/uploads\/2023\/03\/9.jpg","type":"image\/jpeg"}],"twitter_card":"summary_large_image","schema":{"@context":"https:\/\/schema.org","@graph":[{"@type":"WebPage","@id":"https:\/\/www.autojerez.com\/index.php\/producto\/practica-circulacion-a2\/","url":"https:\/\/www.autojerez.com\/index.php\/producto\/practica-circulacion-a2\/","name":"Pr\u00e1ctica circulaci\u00f3n A2 - Autoescuela Jerez","isPartOf":{"@id":"https:\/\/www.autojerez.com\/#website"},"primaryImageOfPage":{"@id":"https:\/\/www.autojerez.com\/index.php\/producto\/practica-circulacion-a2\/#primaryimage"},"image":{"@id":"https:\/\/www.autojerez.com\/index.php\/producto\/practica-circulacion-a2\/#primaryimage"},"thumbnailUrl":"https:\/\/www.autojerez.com\/wp-content\/uploads\/2023\/03\/9.jpg","datePublished":"2023-03-30T17:44:20+00:00","breadcrumb":{"@id":"https:\/\/www.autojerez.com\/index.php\/producto\/practica-circulacion-a2\/#breadcrumb"},"inLanguage":"es","potentialAction":[{"@type":"ReadAction","target":["https:\/\/www.autojerez.com\/index.php\/producto\/practica-circulacion-a2\/"]}]},{"@type":"ImageObject","inLanguage":"es","@id":"https:\/\/www.autojerez.com\/index.php\/producto\/practica-circulacion-a2\/#primaryimage","url":"https:\/\/www.autojerez.com\/wp-content\/uploads\/2023\/03\/9.jpg","contentUrl":"https:\/\/www.autojerez.com\/wp-content\/uploads\/2023\/03\/9.jpg","width":940,"height":788},{"@type":"BreadcrumbList","@id":"https:\/\/www.autojerez.com\/index.php\/producto\/practica-circulacion-a2\/#breadcrumb","itemListElement":[{"@type":"ListItem","position":1,"name":"Portada","item":"https:\/\/www.autojerez.com\/"},{"@type":"ListItem","position":2,"name":"Tienda","item":"https:\/\/www.autojerez.com\/index.php\/tienda\/"},{"@type":"ListItem","position":3,"name":"Pr\u00e1ctica circulaci\u00f3n A2"}]},{"@type":"WebSite","@id":"https:\/\/www.autojerez.com\/#website","url":"https:\/\/www.autojerez.com\/","name":"Autoescuela Jerez","description":"La mejor autoescuela de Extremadura","publisher":{"@id":"https:\/\/www.autojerez.com\/#organization"},"potentialAction":[{"@type":"SearchAction","target":{"@type":"EntryPoint","urlTemplate":"https:\/\/www.autojerez.com\/?s={search_term_string}"},"query-input":{"@type":"PropertyValueSpecification","valueRequired":true,"valueName":"search_term_string"}}],"inLanguage":"es"},{"@type":"Organization","@id":"https:\/\/www.autojerez.com\/#organization","name":"Autoescuela Jerez","url":"https:\/\/www.autojerez.com\/","logo":{"@type":"ImageObject","inLanguage":"es","@id":"https:\/\/www.autojerez.com\/#\/schema\/logo\/image\/","url":"https:\/\/www.autojerez.com\/wp-content\/uploads\/2021\/03\/LOGO-TRANSPARENTE-NEGRO-1.gif","contentUrl":"https:\/\/www.autojerez.com\/wp-content\/uploads\/2021\/03\/LOGO-TRANSPARENTE-NEGRO-1.gif","width":2304,"height":1476,"caption":"Autoescuela Jerez"},"image":{"@id":"https:\/\/www.autojerez.com\/#\/schema\/logo\/image\/"}}]}},"_links":{"self":[{"href":"https:\/\/www.autojerez.com\/index.php\/wp-json\/wp\/v2\/product\/1072","targetHints":{"allow":["GET"]}}],"collection":[{"href":"https:\/\/www.autojerez.com\/index.php\/wp-json\/wp\/v2\/product"}],"about":[{"href":"https:\/\/www.autojerez.com\/index.php\/wp-json\/wp\/v2\/types\/product"}],"wp:featuredmedia":[{"embeddable":true,"href":"https:\/\/www.autojerez.com\/index.php\/wp-json\/wp\/v2\/media\/1075"}],"wp:attachment":[{"href":"https:\/\/www.autojerez.com\/index.php\/wp-json\/wp\/v2\/media?parent=1072"}],"wp:term":[{"taxonomy":"product_brand","embeddable":true,"href":"https:\/\/www.autojerez.com\/index.php\/wp-json\/wp\/v2\/product_brand?post=1072"},{"taxonomy":"product_cat","embeddable":true,"href":"https:\/\/www.autojerez.com\/index.php\/wp-json\/wp\/v2\/product_cat?post=1072"},{"taxonomy":"product_tag","embeddable":true,"href":"https:\/\/www.autojerez.com\/index.php\/wp-json\/wp\/v2\/product_tag?post=1072"}],"curies":[{"name":"wp","href":"https:\/\/api.w.org\/{rel}","templated":true}]}}