{"id":1670,"date":"2023-09-29T08:48:32","date_gmt":"2023-09-29T08:48:32","guid":{"rendered":"https:\/\/www.autojerez.com\/?post_type=product&#038;p=1670"},"modified":"2026-01-19T18:57:06","modified_gmt":"2026-01-19T18:57:06","slug":"recuperacion-parcial","status":"publish","type":"product","link":"https:\/\/www.autojerez.com\/index.php\/producto\/recuperacion-parcial\/","title":{"rendered":"Recuperaci\u00f3n parcial"},"content":{"rendered":"<p>\ud83d\udea6\ud83d\udca5 RECUPERA TUS PUNTOS \u2014 CURSO OFICIAL \ud83d\udca5\ud83d\udea6<br \/>\n\u00bfHas perdido puntos y no quieres arriesgarte a quedarte sin carnet?<br \/>\nCon el curso de recuperaci\u00f3n parcial de puntos puedes recuperar hasta 4 puntos \u2b50<br \/>\nUn s\u00f3lo viernes presencial<\/p>\n<p>\ud83d\udcb0 Precio: 250 \u20ac<br \/>\n\u274c Sin tasas<br \/>\n\u274c Sin reconocimiento m\u00e9dico<\/p>\n<p>\u26a0\ufe0f Plazas limitadas<br \/>\nNo te la juegues. Recupera tus puntos y sigue conduciendo.<\/p>\n<p>Autoescuelas Jerez<br \/>\n\ud83d\udcf2 Cualquier duda, estamos a tu disposici\u00f3n.<\/p>\n","protected":false},"excerpt":{"rendered":"<p>\ud83d\udea6\ud83d\udca5 RECUPERA TUS PUNTOS \u2014 CURSO OFICIAL \ud83d\udca5\ud83d\udea6 \u00bfHas perdido puntos y no quieres arriesgarte a quedarte sin carnet? Con el curso de recuperaci\u00f3n parcial de puntos puedes recuperar hasta 4 puntos \u2b50 Un s\u00f3lo viernes presencial \ud83d\udcb0 Precio: 250 \u20ac \u274c Sin tasas \u274c Sin reconocimiento m\u00e9dico \u26a0\ufe0f Plazas limitadas No te la juegues. [&hellip;]<\/p>\n","protected":false},"featured_media":4125,"template":"","meta":{"_et_pb_use_builder":"","_et_pb_old_content":"","_et_gb_content_width":""},"product_brand":[],"product_cat":[91],"product_tag":[],"class_list":{"0":"post-1670","1":"product","2":"type-product","3":"status-publish","4":"has-post-thumbnail","6":"product_cat-cursos","8":"first","9":"instock","10":"virtual","11":"taxable","12":"purchasable","13":"product-type-simple"},"yoast_head":"<!-- This site is optimized with the Yoast SEO plugin v26.8 - https:\/\/yoast.com\/product\/yoast-seo-wordpress\/ -->\n<title>Recuperaci\u00f3n parcial - Autoescuela Jerez<\/title>\n<meta name=\"description\" content=\"recuperaci\u00f3n parcial permiso por puntos pxp dgt no te quedes sin carnet hasta seis conductores profesionales gobierno de espa\u00f1a\" \/>\n<meta name=\"robots\" content=\"index, follow, max-snippet:-1, max-image-preview:large, max-video-preview:-1\" \/>\n<link rel=\"canonical\" href=\"https:\/\/www.autojerez.com\/index.php\/producto\/recuperacion-parcial\/\" \/>\n<meta property=\"og:locale\" content=\"es_ES\" \/>\n<meta property=\"og:type\" content=\"article\" \/>\n<meta property=\"og:title\" content=\"Recuperaci\u00f3n parcial - Autoescuela Jerez\" \/>\n<meta property=\"og:description\" content=\"recuperaci\u00f3n parcial permiso por puntos pxp dgt no te quedes sin carnet hasta seis conductores profesionales gobierno de espa\u00f1a\" \/>\n<meta property=\"og:url\" content=\"https:\/\/www.autojerez.com\/index.php\/producto\/recuperacion-parcial\/\" \/>\n<meta property=\"og:site_name\" content=\"Autoescuela Jerez\" \/>\n<meta property=\"article:modified_time\" content=\"2026-01-19T18:57:06+00:00\" \/>\n<meta property=\"og:image\" content=\"https:\/\/www.autojerez.com\/wp-content\/uploads\/2023\/09\/RECUPERACION-PARCIAL-1.jpg\" \/>\n\t<meta property=\"og:image:width\" content=\"940\" \/>\n\t<meta property=\"og:image:height\" content=\"788\" \/>\n\t<meta property=\"og:image:type\" content=\"image\/jpeg\" \/>\n<meta name=\"twitter:card\" content=\"summary_large_image\" \/>\n<meta name=\"twitter:label1\" content=\"Tiempo de lectura\" \/>\n\t<meta name=\"twitter:data1\" content=\"1 minuto\" \/>\n<script type=\"application\/ld+json\" class=\"yoast-schema-graph\">{\"@context\":\"https:\/\/schema.org\",\"@graph\":[{\"@type\":\"WebPage\",\"@id\":\"https:\/\/www.autojerez.com\/index.php\/producto\/recuperacion-parcial\/\",\"url\":\"https:\/\/www.autojerez.com\/index.php\/producto\/recuperacion-parcial\/\",\"name\":\"Recuperaci\u00f3n parcial - Autoescuela Jerez\",\"isPartOf\":{\"@id\":\"https:\/\/www.autojerez.com\/#website\"},\"primaryImageOfPage\":{\"@id\":\"https:\/\/www.autojerez.com\/index.php\/producto\/recuperacion-parcial\/#primaryimage\"},\"image\":{\"@id\":\"https:\/\/www.autojerez.com\/index.php\/producto\/recuperacion-parcial\/#primaryimage\"},\"thumbnailUrl\":\"https:\/\/www.autojerez.com\/wp-content\/uploads\/2023\/09\/RECUPERACION-PARCIAL-1.jpg\",\"datePublished\":\"2023-09-29T08:48:32+00:00\",\"dateModified\":\"2026-01-19T18:57:06+00:00\",\"description\":\"recuperaci\u00f3n parcial permiso por puntos pxp dgt no te quedes sin carnet hasta seis conductores profesionales gobierno de espa\u00f1a\",\"breadcrumb\":{\"@id\":\"https:\/\/www.autojerez.com\/index.php\/producto\/recuperacion-parcial\/#breadcrumb\"},\"inLanguage\":\"es\",\"potentialAction\":[{\"@type\":\"ReadAction\",\"target\":[\"https:\/\/www.autojerez.com\/index.php\/producto\/recuperacion-parcial\/\"]}]},{\"@type\":\"ImageObject\",\"inLanguage\":\"es\",\"@id\":\"https:\/\/www.autojerez.com\/index.php\/producto\/recuperacion-parcial\/#primaryimage\",\"url\":\"https:\/\/www.autojerez.com\/wp-content\/uploads\/2023\/09\/RECUPERACION-PARCIAL-1.jpg\",\"contentUrl\":\"https:\/\/www.autojerez.com\/wp-content\/uploads\/2023\/09\/RECUPERACION-PARCIAL-1.jpg\",\"width\":940,\"height\":788},{\"@type\":\"BreadcrumbList\",\"@id\":\"https:\/\/www.autojerez.com\/index.php\/producto\/recuperacion-parcial\/#breadcrumb\",\"itemListElement\":[{\"@type\":\"ListItem\",\"position\":1,\"name\":\"Portada\",\"item\":\"https:\/\/www.autojerez.com\/\"},{\"@type\":\"ListItem\",\"position\":2,\"name\":\"Tienda\",\"item\":\"https:\/\/www.autojerez.com\/index.php\/tienda\/\"},{\"@type\":\"ListItem\",\"position\":3,\"name\":\"Recuperaci\u00f3n parcial\"}]},{\"@type\":\"WebSite\",\"@id\":\"https:\/\/www.autojerez.com\/#website\",\"url\":\"https:\/\/www.autojerez.com\/\",\"name\":\"Autoescuela Jerez\",\"description\":\"La mejor autoescuela de Extremadura\",\"publisher\":{\"@id\":\"https:\/\/www.autojerez.com\/#organization\"},\"potentialAction\":[{\"@type\":\"SearchAction\",\"target\":{\"@type\":\"EntryPoint\",\"urlTemplate\":\"https:\/\/www.autojerez.com\/?s={search_term_string}\"},\"query-input\":{\"@type\":\"PropertyValueSpecification\",\"valueRequired\":true,\"valueName\":\"search_term_string\"}}],\"inLanguage\":\"es\"},{\"@type\":\"Organization\",\"@id\":\"https:\/\/www.autojerez.com\/#organization\",\"name\":\"Autoescuela Jerez\",\"url\":\"https:\/\/www.autojerez.com\/\",\"logo\":{\"@type\":\"ImageObject\",\"inLanguage\":\"es\",\"@id\":\"https:\/\/www.autojerez.com\/#\/schema\/logo\/image\/\",\"url\":\"https:\/\/www.autojerez.com\/wp-content\/uploads\/2021\/03\/LOGO-TRANSPARENTE-NEGRO-1.gif\",\"contentUrl\":\"https:\/\/www.autojerez.com\/wp-content\/uploads\/2021\/03\/LOGO-TRANSPARENTE-NEGRO-1.gif\",\"width\":2304,\"height\":1476,\"caption\":\"Autoescuela Jerez\"},\"image\":{\"@id\":\"https:\/\/www.autojerez.com\/#\/schema\/logo\/image\/\"}}]}<\/script>\n<!-- \/ Yoast SEO plugin. -->","yoast_head_json":{"title":"Recuperaci\u00f3n parcial - Autoescuela Jerez","description":"recuperaci\u00f3n parcial permiso por puntos pxp dgt no te quedes sin carnet hasta seis conductores profesionales gobierno de espa\u00f1a","robots":{"index":"index","follow":"follow","max-snippet":"max-snippet:-1","max-image-preview":"max-image-preview:large","max-video-preview":"max-video-preview:-1"},"canonical":"https:\/\/www.autojerez.com\/index.php\/producto\/recuperacion-parcial\/","og_locale":"es_ES","og_type":"article","og_title":"Recuperaci\u00f3n parcial - Autoescuela Jerez","og_description":"recuperaci\u00f3n parcial permiso por puntos pxp dgt no te quedes sin carnet hasta seis conductores profesionales gobierno de espa\u00f1a","og_url":"https:\/\/www.autojerez.com\/index.php\/producto\/recuperacion-parcial\/","og_site_name":"Autoescuela Jerez","article_modified_time":"2026-01-19T18:57:06+00:00","og_image":[{"width":940,"height":788,"url":"https:\/\/www.autojerez.com\/wp-content\/uploads\/2023\/09\/RECUPERACION-PARCIAL-1.jpg","type":"image\/jpeg"}],"twitter_card":"summary_large_image","twitter_misc":{"Tiempo de lectura":"1 minuto"},"schema":{"@context":"https:\/\/schema.org","@graph":[{"@type":"WebPage","@id":"https:\/\/www.autojerez.com\/index.php\/producto\/recuperacion-parcial\/","url":"https:\/\/www.autojerez.com\/index.php\/producto\/recuperacion-parcial\/","name":"Recuperaci\u00f3n parcial - Autoescuela Jerez","isPartOf":{"@id":"https:\/\/www.autojerez.com\/#website"},"primaryImageOfPage":{"@id":"https:\/\/www.autojerez.com\/index.php\/producto\/recuperacion-parcial\/#primaryimage"},"image":{"@id":"https:\/\/www.autojerez.com\/index.php\/producto\/recuperacion-parcial\/#primaryimage"},"thumbnailUrl":"https:\/\/www.autojerez.com\/wp-content\/uploads\/2023\/09\/RECUPERACION-PARCIAL-1.jpg","datePublished":"2023-09-29T08:48:32+00:00","dateModified":"2026-01-19T18:57:06+00:00","description":"recuperaci\u00f3n parcial permiso por puntos pxp dgt no te quedes sin carnet hasta seis conductores profesionales gobierno de espa\u00f1a","breadcrumb":{"@id":"https:\/\/www.autojerez.com\/index.php\/producto\/recuperacion-parcial\/#breadcrumb"},"inLanguage":"es","potentialAction":[{"@type":"ReadAction","target":["https:\/\/www.autojerez.com\/index.php\/producto\/recuperacion-parcial\/"]}]},{"@type":"ImageObject","inLanguage":"es","@id":"https:\/\/www.autojerez.com\/index.php\/producto\/recuperacion-parcial\/#primaryimage","url":"https:\/\/www.autojerez.com\/wp-content\/uploads\/2023\/09\/RECUPERACION-PARCIAL-1.jpg","contentUrl":"https:\/\/www.autojerez.com\/wp-content\/uploads\/2023\/09\/RECUPERACION-PARCIAL-1.jpg","width":940,"height":788},{"@type":"BreadcrumbList","@id":"https:\/\/www.autojerez.com\/index.php\/producto\/recuperacion-parcial\/#breadcrumb","itemListElement":[{"@type":"ListItem","position":1,"name":"Portada","item":"https:\/\/www.autojerez.com\/"},{"@type":"ListItem","position":2,"name":"Tienda","item":"https:\/\/www.autojerez.com\/index.php\/tienda\/"},{"@type":"ListItem","position":3,"name":"Recuperaci\u00f3n parcial"}]},{"@type":"WebSite","@id":"https:\/\/www.autojerez.com\/#website","url":"https:\/\/www.autojerez.com\/","name":"Autoescuela Jerez","description":"La mejor autoescuela de Extremadura","publisher":{"@id":"https:\/\/www.autojerez.com\/#organization"},"potentialAction":[{"@type":"SearchAction","target":{"@type":"EntryPoint","urlTemplate":"https:\/\/www.autojerez.com\/?s={search_term_string}"},"query-input":{"@type":"PropertyValueSpecification","valueRequired":true,"valueName":"search_term_string"}}],"inLanguage":"es"},{"@type":"Organization","@id":"https:\/\/www.autojerez.com\/#organization","name":"Autoescuela Jerez","url":"https:\/\/www.autojerez.com\/","logo":{"@type":"ImageObject","inLanguage":"es","@id":"https:\/\/www.autojerez.com\/#\/schema\/logo\/image\/","url":"https:\/\/www.autojerez.com\/wp-content\/uploads\/2021\/03\/LOGO-TRANSPARENTE-NEGRO-1.gif","contentUrl":"https:\/\/www.autojerez.com\/wp-content\/uploads\/2021\/03\/LOGO-TRANSPARENTE-NEGRO-1.gif","width":2304,"height":1476,"caption":"Autoescuela Jerez"},"image":{"@id":"https:\/\/www.autojerez.com\/#\/schema\/logo\/image\/"}}]}},"_links":{"self":[{"href":"https:\/\/www.autojerez.com\/index.php\/wp-json\/wp\/v2\/product\/1670","targetHints":{"allow":["GET"]}}],"collection":[{"href":"https:\/\/www.autojerez.com\/index.php\/wp-json\/wp\/v2\/product"}],"about":[{"href":"https:\/\/www.autojerez.com\/index.php\/wp-json\/wp\/v2\/types\/product"}],"wp:featuredmedia":[{"embeddable":true,"href":"https:\/\/www.autojerez.com\/index.php\/wp-json\/wp\/v2\/media\/4125"}],"wp:attachment":[{"href":"https:\/\/www.autojerez.com\/index.php\/wp-json\/wp\/v2\/media?parent=1670"}],"wp:term":[{"taxonomy":"product_brand","embeddable":true,"href":"https:\/\/www.autojerez.com\/index.php\/wp-json\/wp\/v2\/product_brand?post=1670"},{"taxonomy":"product_cat","embeddable":true,"href":"https:\/\/www.autojerez.com\/index.php\/wp-json\/wp\/v2\/product_cat?post=1670"},{"taxonomy":"product_tag","embeddable":true,"href":"https:\/\/www.autojerez.com\/index.php\/wp-json\/wp\/v2\/product_tag?post=1670"}],"curies":[{"name":"wp","href":"https:\/\/api.w.org\/{rel}","templated":true}]}}