{"id":1683,"date":"2023-10-02T07:02:00","date_gmt":"2023-10-02T07:02:00","guid":{"rendered":"https:\/\/www.autojerez.com\/?post_type=product&#038;p=1683"},"modified":"2024-07-29T08:57:18","modified_gmt":"2024-07-29T08:57:18","slug":"curso-sensibilizacion-y-reeducacion-vial","status":"publish","type":"product","link":"https:\/\/www.autojerez.com\/index.php\/producto\/curso-sensibilizacion-y-reeducacion-vial\/","title":{"rendered":"Curso Sensibilizaci\u00f3n y reeducaci\u00f3n vial"},"content":{"rendered":"<p>Si has perdido todos los puntos de tu permiso por agotamiento del saldo de puntos, o si has sido condenado por sentencia judicial por un delito de privaci\u00f3n del derecho a conducir veh\u00edculos a motor por tiempo superior a 2 a\u00f1os, podr\u00e1s obtener un nuevo permiso.<\/p>\n<p>Para ello, una vez finalizado el periodo de cumplimiento de la condena, acreditando la realizaci\u00f3n con aprovechamiento un curso de sensibilizaci\u00f3n y reeducaci\u00f3n vial (curso de recuperaci\u00f3n del permiso o licencia de conducci\u00f3n) de 24 horas lectivas de duraci\u00f3n deber\u00e1s superar una prueba te\u00f3rica sobre los conocimientos adquiridos en dicho curso en la Jefatura Provincial u Oficina Local de Tr\u00e1fico.<\/p>\n<p>Puedes haber perdido la vigencia de tu permiso de conducir por dos motivos:<\/p>\n<ul class=\"check\">\n<li>Administrativa: Al perder la totalidad de los puntos de tu permiso tras cometer varias\u00a0<a href=\"https:\/\/www.dgt.es\/nuestros-servicios\/multas-y-sanciones\/conoce-los-tipos-de-infracciones-y-sanciones\/\" target=\"_blank\" rel=\"noopener\">infracciones de tr\u00e1fico graves o muy graves<\/a>.<\/li>\n<li>Judicial: Haber sido impuesta una condena judicial de privaci\u00f3n del derecho a conducir por un periodo superior a 2 a\u00f1os.Tasa incluida.<\/li>\n<\/ul>\n","protected":false},"excerpt":{"rendered":"<p>Si has perdido todos los puntos de tu permiso por agotamiento del saldo de puntos, o si has sido condenado por sentencia judicial por un delito de privaci\u00f3n del derecho a conducir veh\u00edculos a motor por tiempo superior a 2 a\u00f1os, podr\u00e1s obtener un nuevo permiso. Para ello, una vez finalizado el periodo de cumplimiento [&hellip;]<\/p>\n","protected":false},"featured_media":1684,"template":"","meta":{"_et_pb_use_builder":"","_et_pb_old_content":"","_et_gb_content_width":""},"product_brand":[],"product_cat":[91],"product_tag":[],"class_list":{"0":"post-1683","1":"product","2":"type-product","3":"status-publish","4":"has-post-thumbnail","6":"product_cat-cursos","8":"first","9":"instock","10":"virtual","11":"taxable","12":"purchasable","13":"product-type-simple"},"yoast_head":"<!-- This site is optimized with the Yoast SEO plugin v26.8 - https:\/\/yoast.com\/product\/yoast-seo-wordpress\/ -->\n<title>Curso Sensibilizaci\u00f3n y reeducaci\u00f3n vial - Autoescuela Jerez<\/title>\n<meta name=\"description\" content=\"curso de sensibilizaci\u00f3n y reeducaci\u00f3n vial recuperar permiso agotamiento saldo de puntos nuevo permiso dgt gobierno de espa\u00f1a 8 puntos\" \/>\n<meta name=\"robots\" content=\"index, follow, max-snippet:-1, max-image-preview:large, max-video-preview:-1\" \/>\n<link rel=\"canonical\" href=\"https:\/\/www.autojerez.com\/index.php\/producto\/curso-sensibilizacion-y-reeducacion-vial\/\" \/>\n<meta property=\"og:locale\" content=\"es_ES\" \/>\n<meta property=\"og:type\" content=\"article\" \/>\n<meta property=\"og:title\" content=\"Curso Sensibilizaci\u00f3n y reeducaci\u00f3n vial - Autoescuela Jerez\" \/>\n<meta property=\"og:description\" content=\"curso de sensibilizaci\u00f3n y reeducaci\u00f3n vial recuperar permiso agotamiento saldo de puntos nuevo permiso dgt gobierno de espa\u00f1a 8 puntos\" \/>\n<meta property=\"og:url\" content=\"https:\/\/www.autojerez.com\/index.php\/producto\/curso-sensibilizacion-y-reeducacion-vial\/\" \/>\n<meta property=\"og:site_name\" content=\"Autoescuela Jerez\" \/>\n<meta property=\"article:modified_time\" content=\"2024-07-29T08:57:18+00:00\" \/>\n<meta property=\"og:image\" content=\"https:\/\/www.autojerez.com\/wp-content\/uploads\/2023\/10\/PRODUCTOS-WEB-COMMERCE-26.jpg\" \/>\n\t<meta property=\"og:image:width\" content=\"940\" \/>\n\t<meta property=\"og:image:height\" content=\"788\" \/>\n\t<meta property=\"og:image:type\" content=\"image\/jpeg\" \/>\n<meta name=\"twitter:card\" content=\"summary_large_image\" \/>\n<meta name=\"twitter:label1\" content=\"Tiempo de lectura\" \/>\n\t<meta name=\"twitter:data1\" content=\"1 minuto\" \/>\n<script type=\"application\/ld+json\" class=\"yoast-schema-graph\">{\"@context\":\"https:\/\/schema.org\",\"@graph\":[{\"@type\":\"WebPage\",\"@id\":\"https:\/\/www.autojerez.com\/index.php\/producto\/curso-sensibilizacion-y-reeducacion-vial\/\",\"url\":\"https:\/\/www.autojerez.com\/index.php\/producto\/curso-sensibilizacion-y-reeducacion-vial\/\",\"name\":\"Curso Sensibilizaci\u00f3n y reeducaci\u00f3n vial - Autoescuela Jerez\",\"isPartOf\":{\"@id\":\"https:\/\/www.autojerez.com\/#website\"},\"primaryImageOfPage\":{\"@id\":\"https:\/\/www.autojerez.com\/index.php\/producto\/curso-sensibilizacion-y-reeducacion-vial\/#primaryimage\"},\"image\":{\"@id\":\"https:\/\/www.autojerez.com\/index.php\/producto\/curso-sensibilizacion-y-reeducacion-vial\/#primaryimage\"},\"thumbnailUrl\":\"https:\/\/www.autojerez.com\/wp-content\/uploads\/2023\/10\/PRODUCTOS-WEB-COMMERCE-26.jpg\",\"datePublished\":\"2023-10-02T07:02:00+00:00\",\"dateModified\":\"2024-07-29T08:57:18+00:00\",\"description\":\"curso de sensibilizaci\u00f3n y reeducaci\u00f3n vial recuperar permiso agotamiento saldo de puntos nuevo permiso dgt gobierno de espa\u00f1a 8 puntos\",\"breadcrumb\":{\"@id\":\"https:\/\/www.autojerez.com\/index.php\/producto\/curso-sensibilizacion-y-reeducacion-vial\/#breadcrumb\"},\"inLanguage\":\"es\",\"potentialAction\":[{\"@type\":\"ReadAction\",\"target\":[\"https:\/\/www.autojerez.com\/index.php\/producto\/curso-sensibilizacion-y-reeducacion-vial\/\"]}]},{\"@type\":\"ImageObject\",\"inLanguage\":\"es\",\"@id\":\"https:\/\/www.autojerez.com\/index.php\/producto\/curso-sensibilizacion-y-reeducacion-vial\/#primaryimage\",\"url\":\"https:\/\/www.autojerez.com\/wp-content\/uploads\/2023\/10\/PRODUCTOS-WEB-COMMERCE-26.jpg\",\"contentUrl\":\"https:\/\/www.autojerez.com\/wp-content\/uploads\/2023\/10\/PRODUCTOS-WEB-COMMERCE-26.jpg\",\"width\":940,\"height\":788},{\"@type\":\"BreadcrumbList\",\"@id\":\"https:\/\/www.autojerez.com\/index.php\/producto\/curso-sensibilizacion-y-reeducacion-vial\/#breadcrumb\",\"itemListElement\":[{\"@type\":\"ListItem\",\"position\":1,\"name\":\"Portada\",\"item\":\"https:\/\/www.autojerez.com\/\"},{\"@type\":\"ListItem\",\"position\":2,\"name\":\"Tienda\",\"item\":\"https:\/\/www.autojerez.com\/index.php\/tienda\/\"},{\"@type\":\"ListItem\",\"position\":3,\"name\":\"Curso Sensibilizaci\u00f3n y reeducaci\u00f3n vial\"}]},{\"@type\":\"WebSite\",\"@id\":\"https:\/\/www.autojerez.com\/#website\",\"url\":\"https:\/\/www.autojerez.com\/\",\"name\":\"Autoescuela Jerez\",\"description\":\"La mejor autoescuela de Extremadura\",\"publisher\":{\"@id\":\"https:\/\/www.autojerez.com\/#organization\"},\"potentialAction\":[{\"@type\":\"SearchAction\",\"target\":{\"@type\":\"EntryPoint\",\"urlTemplate\":\"https:\/\/www.autojerez.com\/?s={search_term_string}\"},\"query-input\":{\"@type\":\"PropertyValueSpecification\",\"valueRequired\":true,\"valueName\":\"search_term_string\"}}],\"inLanguage\":\"es\"},{\"@type\":\"Organization\",\"@id\":\"https:\/\/www.autojerez.com\/#organization\",\"name\":\"Autoescuela Jerez\",\"url\":\"https:\/\/www.autojerez.com\/\",\"logo\":{\"@type\":\"ImageObject\",\"inLanguage\":\"es\",\"@id\":\"https:\/\/www.autojerez.com\/#\/schema\/logo\/image\/\",\"url\":\"https:\/\/www.autojerez.com\/wp-content\/uploads\/2021\/03\/LOGO-TRANSPARENTE-NEGRO-1.gif\",\"contentUrl\":\"https:\/\/www.autojerez.com\/wp-content\/uploads\/2021\/03\/LOGO-TRANSPARENTE-NEGRO-1.gif\",\"width\":2304,\"height\":1476,\"caption\":\"Autoescuela Jerez\"},\"image\":{\"@id\":\"https:\/\/www.autojerez.com\/#\/schema\/logo\/image\/\"}}]}<\/script>\n<!-- \/ Yoast SEO plugin. -->","yoast_head_json":{"title":"Curso Sensibilizaci\u00f3n y reeducaci\u00f3n vial - Autoescuela Jerez","description":"curso de sensibilizaci\u00f3n y reeducaci\u00f3n vial recuperar permiso agotamiento saldo de puntos nuevo permiso dgt gobierno de espa\u00f1a 8 puntos","robots":{"index":"index","follow":"follow","max-snippet":"max-snippet:-1","max-image-preview":"max-image-preview:large","max-video-preview":"max-video-preview:-1"},"canonical":"https:\/\/www.autojerez.com\/index.php\/producto\/curso-sensibilizacion-y-reeducacion-vial\/","og_locale":"es_ES","og_type":"article","og_title":"Curso Sensibilizaci\u00f3n y reeducaci\u00f3n vial - Autoescuela Jerez","og_description":"curso de sensibilizaci\u00f3n y reeducaci\u00f3n vial recuperar permiso agotamiento saldo de puntos nuevo permiso dgt gobierno de espa\u00f1a 8 puntos","og_url":"https:\/\/www.autojerez.com\/index.php\/producto\/curso-sensibilizacion-y-reeducacion-vial\/","og_site_name":"Autoescuela Jerez","article_modified_time":"2024-07-29T08:57:18+00:00","og_image":[{"width":940,"height":788,"url":"https:\/\/www.autojerez.com\/wp-content\/uploads\/2023\/10\/PRODUCTOS-WEB-COMMERCE-26.jpg","type":"image\/jpeg"}],"twitter_card":"summary_large_image","twitter_misc":{"Tiempo de lectura":"1 minuto"},"schema":{"@context":"https:\/\/schema.org","@graph":[{"@type":"WebPage","@id":"https:\/\/www.autojerez.com\/index.php\/producto\/curso-sensibilizacion-y-reeducacion-vial\/","url":"https:\/\/www.autojerez.com\/index.php\/producto\/curso-sensibilizacion-y-reeducacion-vial\/","name":"Curso Sensibilizaci\u00f3n y reeducaci\u00f3n vial - Autoescuela Jerez","isPartOf":{"@id":"https:\/\/www.autojerez.com\/#website"},"primaryImageOfPage":{"@id":"https:\/\/www.autojerez.com\/index.php\/producto\/curso-sensibilizacion-y-reeducacion-vial\/#primaryimage"},"image":{"@id":"https:\/\/www.autojerez.com\/index.php\/producto\/curso-sensibilizacion-y-reeducacion-vial\/#primaryimage"},"thumbnailUrl":"https:\/\/www.autojerez.com\/wp-content\/uploads\/2023\/10\/PRODUCTOS-WEB-COMMERCE-26.jpg","datePublished":"2023-10-02T07:02:00+00:00","dateModified":"2024-07-29T08:57:18+00:00","description":"curso de sensibilizaci\u00f3n y reeducaci\u00f3n vial recuperar permiso agotamiento saldo de puntos nuevo permiso dgt gobierno de espa\u00f1a 8 puntos","breadcrumb":{"@id":"https:\/\/www.autojerez.com\/index.php\/producto\/curso-sensibilizacion-y-reeducacion-vial\/#breadcrumb"},"inLanguage":"es","potentialAction":[{"@type":"ReadAction","target":["https:\/\/www.autojerez.com\/index.php\/producto\/curso-sensibilizacion-y-reeducacion-vial\/"]}]},{"@type":"ImageObject","inLanguage":"es","@id":"https:\/\/www.autojerez.com\/index.php\/producto\/curso-sensibilizacion-y-reeducacion-vial\/#primaryimage","url":"https:\/\/www.autojerez.com\/wp-content\/uploads\/2023\/10\/PRODUCTOS-WEB-COMMERCE-26.jpg","contentUrl":"https:\/\/www.autojerez.com\/wp-content\/uploads\/2023\/10\/PRODUCTOS-WEB-COMMERCE-26.jpg","width":940,"height":788},{"@type":"BreadcrumbList","@id":"https:\/\/www.autojerez.com\/index.php\/producto\/curso-sensibilizacion-y-reeducacion-vial\/#breadcrumb","itemListElement":[{"@type":"ListItem","position":1,"name":"Portada","item":"https:\/\/www.autojerez.com\/"},{"@type":"ListItem","position":2,"name":"Tienda","item":"https:\/\/www.autojerez.com\/index.php\/tienda\/"},{"@type":"ListItem","position":3,"name":"Curso Sensibilizaci\u00f3n y reeducaci\u00f3n vial"}]},{"@type":"WebSite","@id":"https:\/\/www.autojerez.com\/#website","url":"https:\/\/www.autojerez.com\/","name":"Autoescuela Jerez","description":"La mejor autoescuela de Extremadura","publisher":{"@id":"https:\/\/www.autojerez.com\/#organization"},"potentialAction":[{"@type":"SearchAction","target":{"@type":"EntryPoint","urlTemplate":"https:\/\/www.autojerez.com\/?s={search_term_string}"},"query-input":{"@type":"PropertyValueSpecification","valueRequired":true,"valueName":"search_term_string"}}],"inLanguage":"es"},{"@type":"Organization","@id":"https:\/\/www.autojerez.com\/#organization","name":"Autoescuela Jerez","url":"https:\/\/www.autojerez.com\/","logo":{"@type":"ImageObject","inLanguage":"es","@id":"https:\/\/www.autojerez.com\/#\/schema\/logo\/image\/","url":"https:\/\/www.autojerez.com\/wp-content\/uploads\/2021\/03\/LOGO-TRANSPARENTE-NEGRO-1.gif","contentUrl":"https:\/\/www.autojerez.com\/wp-content\/uploads\/2021\/03\/LOGO-TRANSPARENTE-NEGRO-1.gif","width":2304,"height":1476,"caption":"Autoescuela Jerez"},"image":{"@id":"https:\/\/www.autojerez.com\/#\/schema\/logo\/image\/"}}]}},"_links":{"self":[{"href":"https:\/\/www.autojerez.com\/index.php\/wp-json\/wp\/v2\/product\/1683","targetHints":{"allow":["GET"]}}],"collection":[{"href":"https:\/\/www.autojerez.com\/index.php\/wp-json\/wp\/v2\/product"}],"about":[{"href":"https:\/\/www.autojerez.com\/index.php\/wp-json\/wp\/v2\/types\/product"}],"wp:featuredmedia":[{"embeddable":true,"href":"https:\/\/www.autojerez.com\/index.php\/wp-json\/wp\/v2\/media\/1684"}],"wp:attachment":[{"href":"https:\/\/www.autojerez.com\/index.php\/wp-json\/wp\/v2\/media?parent=1683"}],"wp:term":[{"taxonomy":"product_brand","embeddable":true,"href":"https:\/\/www.autojerez.com\/index.php\/wp-json\/wp\/v2\/product_brand?post=1683"},{"taxonomy":"product_cat","embeddable":true,"href":"https:\/\/www.autojerez.com\/index.php\/wp-json\/wp\/v2\/product_cat?post=1683"},{"taxonomy":"product_tag","embeddable":true,"href":"https:\/\/www.autojerez.com\/index.php\/wp-json\/wp\/v2\/product_tag?post=1683"}],"curies":[{"name":"wp","href":"https:\/\/api.w.org\/{rel}","templated":true}]}}