{"id":2551,"date":"2024-06-26T09:06:45","date_gmt":"2024-06-26T09:06:45","guid":{"rendered":"https:\/\/www.autojerez.com\/?post_type=product&#038;p=2551"},"modified":"2024-12-27T10:50:47","modified_gmt":"2024-12-27T10:50:47","slug":"matricula-exenta-de-teorico","status":"publish","type":"product","link":"https:\/\/www.autojerez.com\/index.php\/producto\/matricula-exenta-de-teorico\/","title":{"rendered":"Matr\u00edcula exenta de te\u00f3rico"},"content":{"rendered":"<p>Esta matr\u00edcula registra a los alumn@s en el centro de formaci\u00f3n con sede Badajoz y pasamos con ellos a la gesti\u00f3n de la parte pr\u00e1ctica del permiso B, ya que se trata de alumnado que tiene el te\u00f3rico apto o est\u00e1 exento del mismo.<\/p>\n","protected":false},"excerpt":{"rendered":"<p>Esta matr\u00edcula registra a los alumn@s en el centro de formaci\u00f3n con sede Badajoz y pasamos con ellos a la gesti\u00f3n de la parte pr\u00e1ctica del permiso B, ya que se trata de alumnado que tiene el te\u00f3rico apto o est\u00e1 exento del mismo.<\/p>\n","protected":false},"featured_media":2552,"template":"","meta":{"_et_pb_use_builder":"","_et_pb_old_content":"","_et_gb_content_width":""},"product_brand":[],"product_cat":[113],"product_tag":[],"class_list":{"0":"post-2551","1":"product","2":"type-product","3":"status-publish","4":"has-post-thumbnail","6":"product_cat-practicas-b-badajoz","8":"first","9":"instock","10":"virtual","11":"taxable","12":"purchasable","13":"product-type-simple"},"yoast_head":"<!-- This site is optimized with the Yoast SEO plugin v26.8 - https:\/\/yoast.com\/product\/yoast-seo-wordpress\/ -->\n<title>Matr\u00edcula exenta de te\u00f3rico - Autoescuela Jerez<\/title>\n<meta name=\"description\" content=\"permiso b exento te\u00f3rico clases practicas cambio de autoescuela para hacer las clases practicas te\u00f3rico por libre\" \/>\n<meta name=\"robots\" content=\"index, follow, max-snippet:-1, max-image-preview:large, max-video-preview:-1\" \/>\n<link rel=\"canonical\" href=\"https:\/\/www.autojerez.com\/index.php\/producto\/matricula-exenta-de-teorico\/\" \/>\n<meta property=\"og:locale\" content=\"es_ES\" \/>\n<meta property=\"og:type\" content=\"article\" \/>\n<meta property=\"og:title\" content=\"Matr\u00edcula exenta de te\u00f3rico - Autoescuela Jerez\" \/>\n<meta property=\"og:description\" content=\"permiso b exento te\u00f3rico clases practicas cambio de autoescuela para hacer las clases practicas te\u00f3rico por libre\" \/>\n<meta property=\"og:url\" content=\"https:\/\/www.autojerez.com\/index.php\/producto\/matricula-exenta-de-teorico\/\" \/>\n<meta property=\"og:site_name\" content=\"Autoescuela Jerez\" \/>\n<meta property=\"article:modified_time\" content=\"2024-12-27T10:50:47+00:00\" \/>\n<meta property=\"og:image\" content=\"https:\/\/www.autojerez.com\/wp-content\/uploads\/2024\/06\/CLASE-PRACTICA-JEREZ.jpg\" \/>\n\t<meta property=\"og:image:width\" content=\"940\" \/>\n\t<meta property=\"og:image:height\" content=\"788\" \/>\n\t<meta property=\"og:image:type\" content=\"image\/jpeg\" \/>\n<meta name=\"twitter:card\" content=\"summary_large_image\" \/>\n<meta name=\"twitter:label1\" content=\"Tiempo de lectura\" \/>\n\t<meta name=\"twitter:data1\" content=\"1 minuto\" \/>\n<script type=\"application\/ld+json\" class=\"yoast-schema-graph\">{\"@context\":\"https:\/\/schema.org\",\"@graph\":[{\"@type\":\"WebPage\",\"@id\":\"https:\/\/www.autojerez.com\/index.php\/producto\/matricula-exenta-de-teorico\/\",\"url\":\"https:\/\/www.autojerez.com\/index.php\/producto\/matricula-exenta-de-teorico\/\",\"name\":\"Matr\u00edcula exenta de te\u00f3rico - Autoescuela Jerez\",\"isPartOf\":{\"@id\":\"https:\/\/www.autojerez.com\/#website\"},\"primaryImageOfPage\":{\"@id\":\"https:\/\/www.autojerez.com\/index.php\/producto\/matricula-exenta-de-teorico\/#primaryimage\"},\"image\":{\"@id\":\"https:\/\/www.autojerez.com\/index.php\/producto\/matricula-exenta-de-teorico\/#primaryimage\"},\"thumbnailUrl\":\"https:\/\/www.autojerez.com\/wp-content\/uploads\/2024\/06\/CLASE-PRACTICA-JEREZ.jpg\",\"datePublished\":\"2024-06-26T09:06:45+00:00\",\"dateModified\":\"2024-12-27T10:50:47+00:00\",\"description\":\"permiso b exento te\u00f3rico clases practicas cambio de autoescuela para hacer las clases practicas te\u00f3rico por libre\",\"breadcrumb\":{\"@id\":\"https:\/\/www.autojerez.com\/index.php\/producto\/matricula-exenta-de-teorico\/#breadcrumb\"},\"inLanguage\":\"es\",\"potentialAction\":[{\"@type\":\"ReadAction\",\"target\":[\"https:\/\/www.autojerez.com\/index.php\/producto\/matricula-exenta-de-teorico\/\"]}]},{\"@type\":\"ImageObject\",\"inLanguage\":\"es\",\"@id\":\"https:\/\/www.autojerez.com\/index.php\/producto\/matricula-exenta-de-teorico\/#primaryimage\",\"url\":\"https:\/\/www.autojerez.com\/wp-content\/uploads\/2024\/06\/CLASE-PRACTICA-JEREZ.jpg\",\"contentUrl\":\"https:\/\/www.autojerez.com\/wp-content\/uploads\/2024\/06\/CLASE-PRACTICA-JEREZ.jpg\",\"width\":940,\"height\":788},{\"@type\":\"BreadcrumbList\",\"@id\":\"https:\/\/www.autojerez.com\/index.php\/producto\/matricula-exenta-de-teorico\/#breadcrumb\",\"itemListElement\":[{\"@type\":\"ListItem\",\"position\":1,\"name\":\"Portada\",\"item\":\"https:\/\/www.autojerez.com\/\"},{\"@type\":\"ListItem\",\"position\":2,\"name\":\"Tienda\",\"item\":\"https:\/\/www.autojerez.com\/index.php\/tienda\/\"},{\"@type\":\"ListItem\",\"position\":3,\"name\":\"Matr\u00edcula exenta de te\u00f3rico\"}]},{\"@type\":\"WebSite\",\"@id\":\"https:\/\/www.autojerez.com\/#website\",\"url\":\"https:\/\/www.autojerez.com\/\",\"name\":\"Autoescuela Jerez\",\"description\":\"La mejor autoescuela de Extremadura\",\"publisher\":{\"@id\":\"https:\/\/www.autojerez.com\/#organization\"},\"potentialAction\":[{\"@type\":\"SearchAction\",\"target\":{\"@type\":\"EntryPoint\",\"urlTemplate\":\"https:\/\/www.autojerez.com\/?s={search_term_string}\"},\"query-input\":{\"@type\":\"PropertyValueSpecification\",\"valueRequired\":true,\"valueName\":\"search_term_string\"}}],\"inLanguage\":\"es\"},{\"@type\":\"Organization\",\"@id\":\"https:\/\/www.autojerez.com\/#organization\",\"name\":\"Autoescuela Jerez\",\"url\":\"https:\/\/www.autojerez.com\/\",\"logo\":{\"@type\":\"ImageObject\",\"inLanguage\":\"es\",\"@id\":\"https:\/\/www.autojerez.com\/#\/schema\/logo\/image\/\",\"url\":\"https:\/\/www.autojerez.com\/wp-content\/uploads\/2021\/03\/LOGO-TRANSPARENTE-NEGRO-1.gif\",\"contentUrl\":\"https:\/\/www.autojerez.com\/wp-content\/uploads\/2021\/03\/LOGO-TRANSPARENTE-NEGRO-1.gif\",\"width\":2304,\"height\":1476,\"caption\":\"Autoescuela Jerez\"},\"image\":{\"@id\":\"https:\/\/www.autojerez.com\/#\/schema\/logo\/image\/\"}}]}<\/script>\n<!-- \/ Yoast SEO plugin. -->","yoast_head_json":{"title":"Matr\u00edcula exenta de te\u00f3rico - Autoescuela Jerez","description":"permiso b exento te\u00f3rico clases practicas cambio de autoescuela para hacer las clases practicas te\u00f3rico por libre","robots":{"index":"index","follow":"follow","max-snippet":"max-snippet:-1","max-image-preview":"max-image-preview:large","max-video-preview":"max-video-preview:-1"},"canonical":"https:\/\/www.autojerez.com\/index.php\/producto\/matricula-exenta-de-teorico\/","og_locale":"es_ES","og_type":"article","og_title":"Matr\u00edcula exenta de te\u00f3rico - Autoescuela Jerez","og_description":"permiso b exento te\u00f3rico clases practicas cambio de autoescuela para hacer las clases practicas te\u00f3rico por libre","og_url":"https:\/\/www.autojerez.com\/index.php\/producto\/matricula-exenta-de-teorico\/","og_site_name":"Autoescuela Jerez","article_modified_time":"2024-12-27T10:50:47+00:00","og_image":[{"width":940,"height":788,"url":"https:\/\/www.autojerez.com\/wp-content\/uploads\/2024\/06\/CLASE-PRACTICA-JEREZ.jpg","type":"image\/jpeg"}],"twitter_card":"summary_large_image","twitter_misc":{"Tiempo de lectura":"1 minuto"},"schema":{"@context":"https:\/\/schema.org","@graph":[{"@type":"WebPage","@id":"https:\/\/www.autojerez.com\/index.php\/producto\/matricula-exenta-de-teorico\/","url":"https:\/\/www.autojerez.com\/index.php\/producto\/matricula-exenta-de-teorico\/","name":"Matr\u00edcula exenta de te\u00f3rico - Autoescuela Jerez","isPartOf":{"@id":"https:\/\/www.autojerez.com\/#website"},"primaryImageOfPage":{"@id":"https:\/\/www.autojerez.com\/index.php\/producto\/matricula-exenta-de-teorico\/#primaryimage"},"image":{"@id":"https:\/\/www.autojerez.com\/index.php\/producto\/matricula-exenta-de-teorico\/#primaryimage"},"thumbnailUrl":"https:\/\/www.autojerez.com\/wp-content\/uploads\/2024\/06\/CLASE-PRACTICA-JEREZ.jpg","datePublished":"2024-06-26T09:06:45+00:00","dateModified":"2024-12-27T10:50:47+00:00","description":"permiso b exento te\u00f3rico clases practicas cambio de autoescuela para hacer las clases practicas te\u00f3rico por libre","breadcrumb":{"@id":"https:\/\/www.autojerez.com\/index.php\/producto\/matricula-exenta-de-teorico\/#breadcrumb"},"inLanguage":"es","potentialAction":[{"@type":"ReadAction","target":["https:\/\/www.autojerez.com\/index.php\/producto\/matricula-exenta-de-teorico\/"]}]},{"@type":"ImageObject","inLanguage":"es","@id":"https:\/\/www.autojerez.com\/index.php\/producto\/matricula-exenta-de-teorico\/#primaryimage","url":"https:\/\/www.autojerez.com\/wp-content\/uploads\/2024\/06\/CLASE-PRACTICA-JEREZ.jpg","contentUrl":"https:\/\/www.autojerez.com\/wp-content\/uploads\/2024\/06\/CLASE-PRACTICA-JEREZ.jpg","width":940,"height":788},{"@type":"BreadcrumbList","@id":"https:\/\/www.autojerez.com\/index.php\/producto\/matricula-exenta-de-teorico\/#breadcrumb","itemListElement":[{"@type":"ListItem","position":1,"name":"Portada","item":"https:\/\/www.autojerez.com\/"},{"@type":"ListItem","position":2,"name":"Tienda","item":"https:\/\/www.autojerez.com\/index.php\/tienda\/"},{"@type":"ListItem","position":3,"name":"Matr\u00edcula exenta de te\u00f3rico"}]},{"@type":"WebSite","@id":"https:\/\/www.autojerez.com\/#website","url":"https:\/\/www.autojerez.com\/","name":"Autoescuela Jerez","description":"La mejor autoescuela de Extremadura","publisher":{"@id":"https:\/\/www.autojerez.com\/#organization"},"potentialAction":[{"@type":"SearchAction","target":{"@type":"EntryPoint","urlTemplate":"https:\/\/www.autojerez.com\/?s={search_term_string}"},"query-input":{"@type":"PropertyValueSpecification","valueRequired":true,"valueName":"search_term_string"}}],"inLanguage":"es"},{"@type":"Organization","@id":"https:\/\/www.autojerez.com\/#organization","name":"Autoescuela Jerez","url":"https:\/\/www.autojerez.com\/","logo":{"@type":"ImageObject","inLanguage":"es","@id":"https:\/\/www.autojerez.com\/#\/schema\/logo\/image\/","url":"https:\/\/www.autojerez.com\/wp-content\/uploads\/2021\/03\/LOGO-TRANSPARENTE-NEGRO-1.gif","contentUrl":"https:\/\/www.autojerez.com\/wp-content\/uploads\/2021\/03\/LOGO-TRANSPARENTE-NEGRO-1.gif","width":2304,"height":1476,"caption":"Autoescuela Jerez"},"image":{"@id":"https:\/\/www.autojerez.com\/#\/schema\/logo\/image\/"}}]}},"_links":{"self":[{"href":"https:\/\/www.autojerez.com\/index.php\/wp-json\/wp\/v2\/product\/2551","targetHints":{"allow":["GET"]}}],"collection":[{"href":"https:\/\/www.autojerez.com\/index.php\/wp-json\/wp\/v2\/product"}],"about":[{"href":"https:\/\/www.autojerez.com\/index.php\/wp-json\/wp\/v2\/types\/product"}],"wp:featuredmedia":[{"embeddable":true,"href":"https:\/\/www.autojerez.com\/index.php\/wp-json\/wp\/v2\/media\/2552"}],"wp:attachment":[{"href":"https:\/\/www.autojerez.com\/index.php\/wp-json\/wp\/v2\/media?parent=2551"}],"wp:term":[{"taxonomy":"product_brand","embeddable":true,"href":"https:\/\/www.autojerez.com\/index.php\/wp-json\/wp\/v2\/product_brand?post=2551"},{"taxonomy":"product_cat","embeddable":true,"href":"https:\/\/www.autojerez.com\/index.php\/wp-json\/wp\/v2\/product_cat?post=2551"},{"taxonomy":"product_tag","embeddable":true,"href":"https:\/\/www.autojerez.com\/index.php\/wp-json\/wp\/v2\/product_tag?post=2551"}],"curies":[{"name":"wp","href":"https:\/\/api.w.org\/{rel}","templated":true}]}}