{"id":4274,"date":"2025-12-03T12:46:11","date_gmt":"2025-12-03T12:46:11","guid":{"rendered":"https:\/\/www.autojerez.com\/?post_type=product&#038;p=4274"},"modified":"2026-04-23T11:06:33","modified_gmt":"2026-04-23T11:06:33","slug":"aparatos-elevadores-25-de-abril","status":"publish","type":"product","link":"https:\/\/www.autojerez.com\/index.php\/producto\/aparatos-elevadores-25-de-abril\/","title":{"rendered":"Aparatos elevadores 25 de abril"},"content":{"rendered":"<p>Nuestro Curso de Operaci\u00f3n de Aparatos Elevadores, basado rigurosamente en el R.D. 1215\/1997 de 18 de julio, es la formaci\u00f3n ideal para cumplir con la normativa y destacar en el sector.<\/p>\n<p>* Carretilla frontal.<\/p>\n<p>* Carretilla retr\u00e1ctil.<\/p>\n<p>* Cami\u00f3n pluma.<\/p>\n<p>* Plataforma elevadora.<\/p>\n<p>* Transpaleta.<\/p>\n<p>* Transpaleta el\u00e9ctrica.<\/p>\n<p>* Telesc\u00f3pica articulada.<\/p>\n<p>El programa incluye:<\/p>\n<p><strong>Parte te\u00f3rica<\/strong><\/p>\n<p>Aprender\u00e1s los principios de funcionamiento de los distintos aparatos elevadores, las obligaciones del operario, las medidas de prevenci\u00f3n y todos los requisitos de seguridad establecidos por la normativa vigente.<\/p>\n<p><strong>Pr\u00e1cticas reales<\/strong><\/p>\n<p>Contar\u00e1s con pr\u00e1cticas guiadas utilizando diferentes equipos elevadores, desarrollando habilidades reales de manejo, control y prevenci\u00f3n de riesgos, para trabajar con confianza y profesionalidad.<\/p>\n<p><strong>Carnet acreditativo y diploma<\/strong><\/p>\n<p>Al finalizar y superar la formaci\u00f3n, obtendr\u00e1s tu carnet de operador, un documento cada vez m\u00e1s solicitado por las empresas de sectores como industria y log\u00edstica.<\/p>\n<p><em>Este abono reserva tu plaza para la formaci\u00f3n que se realizar\u00e1 durante <strong>el s\u00e1bado 25 de abril, en horario de 8:00h. a 15:00h<\/strong>. en nuestras instalaciones del Pol\u00edgono Nevero, Badajoz.<\/em><\/p>\n<p><em>\u00a0<\/em><em>Importe no reembolsable.<\/em><\/p>\n","protected":false},"excerpt":{"rendered":"<p>Nuestro Curso de Operaci\u00f3n de Aparatos Elevadores, basado rigurosamente en el R.D. 1215\/1997 de 18 de julio, es la formaci\u00f3n ideal para cumplir con la normativa y destacar en el sector. * Carretilla frontal. * Carretilla retr\u00e1ctil. * Cami\u00f3n pluma. * Plataforma elevadora. * Transpaleta. * Transpaleta el\u00e9ctrica. * Telesc\u00f3pica articulada. El programa incluye: Parte [&hellip;]<\/p>\n","protected":false},"featured_media":4275,"template":"","meta":{"_et_pb_use_builder":"","_et_pb_old_content":"","_et_gb_content_width":""},"product_brand":[],"product_cat":[117],"product_tag":[],"class_list":{"0":"post-4274","1":"product","2":"type-product","3":"status-publish","4":"has-post-thumbnail","6":"product_cat-aparatos-elevadores","8":"first","9":"instock","10":"virtual","11":"taxable","12":"purchasable","13":"product-type-simple"},"yoast_head":"<!-- This site is optimized with the Yoast SEO plugin v26.8 - https:\/\/yoast.com\/product\/yoast-seo-wordpress\/ -->\n<title>Aparatos elevadores 25 de abril - Autoescuela Jerez<\/title>\n<meta name=\"robots\" content=\"index, follow, max-snippet:-1, max-image-preview:large, max-video-preview:-1\" \/>\n<link rel=\"canonical\" href=\"https:\/\/www.autojerez.com\/index.php\/producto\/aparatos-elevadores-25-de-abril\/\" \/>\n<meta property=\"og:locale\" content=\"es_ES\" \/>\n<meta property=\"og:type\" content=\"article\" \/>\n<meta property=\"og:title\" content=\"Aparatos elevadores 25 de abril - Autoescuela Jerez\" \/>\n<meta property=\"og:description\" content=\"Nuestro Curso de Operaci\u00f3n de Aparatos Elevadores, basado rigurosamente en el R.D. 1215\/1997 de 18 de julio, es la formaci\u00f3n ideal para cumplir con la normativa y destacar en el sector. * Carretilla frontal. * Carretilla retr\u00e1ctil. * Cami\u00f3n pluma. * Plataforma elevadora. * Transpaleta. * Transpaleta el\u00e9ctrica. * Telesc\u00f3pica articulada. El programa incluye: Parte [&hellip;]\" \/>\n<meta property=\"og:url\" content=\"https:\/\/www.autojerez.com\/index.php\/producto\/aparatos-elevadores-25-de-abril\/\" \/>\n<meta property=\"og:site_name\" content=\"Autoescuela Jerez\" \/>\n<meta property=\"article:modified_time\" content=\"2026-04-23T11:06:33+00:00\" \/>\n<meta property=\"og:image\" content=\"https:\/\/www.autojerez.com\/wp-content\/uploads\/2025\/12\/ELEVADORES-COMPLETO-25_4.jpg\" \/>\n\t<meta property=\"og:image:width\" content=\"940\" \/>\n\t<meta property=\"og:image:height\" content=\"788\" \/>\n\t<meta property=\"og:image:type\" content=\"image\/jpeg\" \/>\n<meta name=\"twitter:card\" content=\"summary_large_image\" \/>\n<meta name=\"twitter:label1\" content=\"Tiempo de lectura\" \/>\n\t<meta name=\"twitter:data1\" content=\"1 minuto\" \/>\n<script type=\"application\/ld+json\" class=\"yoast-schema-graph\">{\"@context\":\"https:\/\/schema.org\",\"@graph\":[{\"@type\":\"WebPage\",\"@id\":\"https:\/\/www.autojerez.com\/index.php\/producto\/aparatos-elevadores-25-de-abril\/\",\"url\":\"https:\/\/www.autojerez.com\/index.php\/producto\/aparatos-elevadores-25-de-abril\/\",\"name\":\"Aparatos elevadores 25 de abril - Autoescuela Jerez\",\"isPartOf\":{\"@id\":\"https:\/\/www.autojerez.com\/#website\"},\"primaryImageOfPage\":{\"@id\":\"https:\/\/www.autojerez.com\/index.php\/producto\/aparatos-elevadores-25-de-abril\/#primaryimage\"},\"image\":{\"@id\":\"https:\/\/www.autojerez.com\/index.php\/producto\/aparatos-elevadores-25-de-abril\/#primaryimage\"},\"thumbnailUrl\":\"https:\/\/www.autojerez.com\/wp-content\/uploads\/2025\/12\/ELEVADORES-COMPLETO-25_4.jpg\",\"datePublished\":\"2025-12-03T12:46:11+00:00\",\"dateModified\":\"2026-04-23T11:06:33+00:00\",\"breadcrumb\":{\"@id\":\"https:\/\/www.autojerez.com\/index.php\/producto\/aparatos-elevadores-25-de-abril\/#breadcrumb\"},\"inLanguage\":\"es\",\"potentialAction\":[{\"@type\":\"ReadAction\",\"target\":[\"https:\/\/www.autojerez.com\/index.php\/producto\/aparatos-elevadores-25-de-abril\/\"]}]},{\"@type\":\"ImageObject\",\"inLanguage\":\"es\",\"@id\":\"https:\/\/www.autojerez.com\/index.php\/producto\/aparatos-elevadores-25-de-abril\/#primaryimage\",\"url\":\"https:\/\/www.autojerez.com\/wp-content\/uploads\/2025\/12\/ELEVADORES-COMPLETO-25_4.jpg\",\"contentUrl\":\"https:\/\/www.autojerez.com\/wp-content\/uploads\/2025\/12\/ELEVADORES-COMPLETO-25_4.jpg\",\"width\":940,\"height\":788},{\"@type\":\"BreadcrumbList\",\"@id\":\"https:\/\/www.autojerez.com\/index.php\/producto\/aparatos-elevadores-25-de-abril\/#breadcrumb\",\"itemListElement\":[{\"@type\":\"ListItem\",\"position\":1,\"name\":\"Portada\",\"item\":\"https:\/\/www.autojerez.com\/\"},{\"@type\":\"ListItem\",\"position\":2,\"name\":\"Tienda\",\"item\":\"https:\/\/www.autojerez.com\/index.php\/tienda\/\"},{\"@type\":\"ListItem\",\"position\":3,\"name\":\"Aparatos elevadores 25 de abril\"}]},{\"@type\":\"WebSite\",\"@id\":\"https:\/\/www.autojerez.com\/#website\",\"url\":\"https:\/\/www.autojerez.com\/\",\"name\":\"Autoescuela Jerez\",\"description\":\"La mejor autoescuela de Extremadura\",\"publisher\":{\"@id\":\"https:\/\/www.autojerez.com\/#organization\"},\"potentialAction\":[{\"@type\":\"SearchAction\",\"target\":{\"@type\":\"EntryPoint\",\"urlTemplate\":\"https:\/\/www.autojerez.com\/?s={search_term_string}\"},\"query-input\":{\"@type\":\"PropertyValueSpecification\",\"valueRequired\":true,\"valueName\":\"search_term_string\"}}],\"inLanguage\":\"es\"},{\"@type\":\"Organization\",\"@id\":\"https:\/\/www.autojerez.com\/#organization\",\"name\":\"Autoescuela Jerez\",\"url\":\"https:\/\/www.autojerez.com\/\",\"logo\":{\"@type\":\"ImageObject\",\"inLanguage\":\"es\",\"@id\":\"https:\/\/www.autojerez.com\/#\/schema\/logo\/image\/\",\"url\":\"https:\/\/www.autojerez.com\/wp-content\/uploads\/2021\/03\/LOGO-TRANSPARENTE-NEGRO-1.gif\",\"contentUrl\":\"https:\/\/www.autojerez.com\/wp-content\/uploads\/2021\/03\/LOGO-TRANSPARENTE-NEGRO-1.gif\",\"width\":2304,\"height\":1476,\"caption\":\"Autoescuela Jerez\"},\"image\":{\"@id\":\"https:\/\/www.autojerez.com\/#\/schema\/logo\/image\/\"}}]}<\/script>\n<!-- \/ Yoast SEO plugin. -->","yoast_head_json":{"title":"Aparatos elevadores 25 de abril - Autoescuela Jerez","robots":{"index":"index","follow":"follow","max-snippet":"max-snippet:-1","max-image-preview":"max-image-preview:large","max-video-preview":"max-video-preview:-1"},"canonical":"https:\/\/www.autojerez.com\/index.php\/producto\/aparatos-elevadores-25-de-abril\/","og_locale":"es_ES","og_type":"article","og_title":"Aparatos elevadores 25 de abril - Autoescuela Jerez","og_description":"Nuestro Curso de Operaci\u00f3n de Aparatos Elevadores, basado rigurosamente en el R.D. 1215\/1997 de 18 de julio, es la formaci\u00f3n ideal para cumplir con la normativa y destacar en el sector. * Carretilla frontal. * Carretilla retr\u00e1ctil. * Cami\u00f3n pluma. * Plataforma elevadora. * Transpaleta. * Transpaleta el\u00e9ctrica. * Telesc\u00f3pica articulada. El programa incluye: Parte [&hellip;]","og_url":"https:\/\/www.autojerez.com\/index.php\/producto\/aparatos-elevadores-25-de-abril\/","og_site_name":"Autoescuela Jerez","article_modified_time":"2026-04-23T11:06:33+00:00","og_image":[{"width":940,"height":788,"url":"https:\/\/www.autojerez.com\/wp-content\/uploads\/2025\/12\/ELEVADORES-COMPLETO-25_4.jpg","type":"image\/jpeg"}],"twitter_card":"summary_large_image","twitter_misc":{"Tiempo de lectura":"1 minuto"},"schema":{"@context":"https:\/\/schema.org","@graph":[{"@type":"WebPage","@id":"https:\/\/www.autojerez.com\/index.php\/producto\/aparatos-elevadores-25-de-abril\/","url":"https:\/\/www.autojerez.com\/index.php\/producto\/aparatos-elevadores-25-de-abril\/","name":"Aparatos elevadores 25 de abril - Autoescuela Jerez","isPartOf":{"@id":"https:\/\/www.autojerez.com\/#website"},"primaryImageOfPage":{"@id":"https:\/\/www.autojerez.com\/index.php\/producto\/aparatos-elevadores-25-de-abril\/#primaryimage"},"image":{"@id":"https:\/\/www.autojerez.com\/index.php\/producto\/aparatos-elevadores-25-de-abril\/#primaryimage"},"thumbnailUrl":"https:\/\/www.autojerez.com\/wp-content\/uploads\/2025\/12\/ELEVADORES-COMPLETO-25_4.jpg","datePublished":"2025-12-03T12:46:11+00:00","dateModified":"2026-04-23T11:06:33+00:00","breadcrumb":{"@id":"https:\/\/www.autojerez.com\/index.php\/producto\/aparatos-elevadores-25-de-abril\/#breadcrumb"},"inLanguage":"es","potentialAction":[{"@type":"ReadAction","target":["https:\/\/www.autojerez.com\/index.php\/producto\/aparatos-elevadores-25-de-abril\/"]}]},{"@type":"ImageObject","inLanguage":"es","@id":"https:\/\/www.autojerez.com\/index.php\/producto\/aparatos-elevadores-25-de-abril\/#primaryimage","url":"https:\/\/www.autojerez.com\/wp-content\/uploads\/2025\/12\/ELEVADORES-COMPLETO-25_4.jpg","contentUrl":"https:\/\/www.autojerez.com\/wp-content\/uploads\/2025\/12\/ELEVADORES-COMPLETO-25_4.jpg","width":940,"height":788},{"@type":"BreadcrumbList","@id":"https:\/\/www.autojerez.com\/index.php\/producto\/aparatos-elevadores-25-de-abril\/#breadcrumb","itemListElement":[{"@type":"ListItem","position":1,"name":"Portada","item":"https:\/\/www.autojerez.com\/"},{"@type":"ListItem","position":2,"name":"Tienda","item":"https:\/\/www.autojerez.com\/index.php\/tienda\/"},{"@type":"ListItem","position":3,"name":"Aparatos elevadores 25 de abril"}]},{"@type":"WebSite","@id":"https:\/\/www.autojerez.com\/#website","url":"https:\/\/www.autojerez.com\/","name":"Autoescuela Jerez","description":"La mejor autoescuela de Extremadura","publisher":{"@id":"https:\/\/www.autojerez.com\/#organization"},"potentialAction":[{"@type":"SearchAction","target":{"@type":"EntryPoint","urlTemplate":"https:\/\/www.autojerez.com\/?s={search_term_string}"},"query-input":{"@type":"PropertyValueSpecification","valueRequired":true,"valueName":"search_term_string"}}],"inLanguage":"es"},{"@type":"Organization","@id":"https:\/\/www.autojerez.com\/#organization","name":"Autoescuela Jerez","url":"https:\/\/www.autojerez.com\/","logo":{"@type":"ImageObject","inLanguage":"es","@id":"https:\/\/www.autojerez.com\/#\/schema\/logo\/image\/","url":"https:\/\/www.autojerez.com\/wp-content\/uploads\/2021\/03\/LOGO-TRANSPARENTE-NEGRO-1.gif","contentUrl":"https:\/\/www.autojerez.com\/wp-content\/uploads\/2021\/03\/LOGO-TRANSPARENTE-NEGRO-1.gif","width":2304,"height":1476,"caption":"Autoescuela Jerez"},"image":{"@id":"https:\/\/www.autojerez.com\/#\/schema\/logo\/image\/"}}]}},"_links":{"self":[{"href":"https:\/\/www.autojerez.com\/index.php\/wp-json\/wp\/v2\/product\/4274","targetHints":{"allow":["GET"]}}],"collection":[{"href":"https:\/\/www.autojerez.com\/index.php\/wp-json\/wp\/v2\/product"}],"about":[{"href":"https:\/\/www.autojerez.com\/index.php\/wp-json\/wp\/v2\/types\/product"}],"wp:featuredmedia":[{"embeddable":true,"href":"https:\/\/www.autojerez.com\/index.php\/wp-json\/wp\/v2\/media\/4275"}],"wp:attachment":[{"href":"https:\/\/www.autojerez.com\/index.php\/wp-json\/wp\/v2\/media?parent=4274"}],"wp:term":[{"taxonomy":"product_brand","embeddable":true,"href":"https:\/\/www.autojerez.com\/index.php\/wp-json\/wp\/v2\/product_brand?post=4274"},{"taxonomy":"product_cat","embeddable":true,"href":"https:\/\/www.autojerez.com\/index.php\/wp-json\/wp\/v2\/product_cat?post=4274"},{"taxonomy":"product_tag","embeddable":true,"href":"https:\/\/www.autojerez.com\/index.php\/wp-json\/wp\/v2\/product_tag?post=4274"}],"curies":[{"name":"wp","href":"https:\/\/api.w.org\/{rel}","templated":true}]}}